{"id":14,"date":"2025-12-22T22:18:10","date_gmt":"2025-12-22T22:18:10","guid":{"rendered":"https:\/\/www.gunsnovel.com\/contact\/"},"modified":"2025-12-28T16:26:19","modified_gmt":"2025-12-28T16:26:19","slug":"contact","status":"publish","type":"page","link":"https:\/\/www.gunsnovel.com\/en\/contact\/","title":{"rendered":"Contact"},"content":{"rendered":"<div class=\"wp-block-group alignfull is-style-ext-preset--group--natural-1--section has-background-background-color has-background has-global-padding is-layout-constrained wp-block-group-is-layout-constrained\" id=\"contact\" style=\"margin-top:0;margin-bottom:0;padding-top:var(--wp--preset--spacing--70);padding-bottom:var(--wp--preset--spacing--70)\">\n<div class=\"wp-block-columns alignwide is-layout-flex wp-container-core-columns-is-layout-08c01c1c wp-block-columns-is-layout-flex\">\n<div class=\"wp-block-column is-vertically-aligned-center is-layout-flow wp-block-column-is-layout-flow\">\n<figure class=\"wp-block-image size-full is-style-ext-preset--image--natural-1--image-1--content-left is-style-ext-preset--image--natural-1--image-1--content-left--2\"><img loading=\"lazy\" decoding=\"async\" width=\"1024\" height=\"1024\" src=\"https:\/\/www.gunsnovel.com\/wp-content\/uploads\/2026\/02\/598918897_10238241238350672_3549988944714904232_n.jpg\" alt=\"\" class=\"wp-image-287\" style=\"aspect-ratio:4\/3;object-fit:cover\" srcset=\"https:\/\/www.gunsnovel.com\/wp-content\/uploads\/2026\/02\/598918897_10238241238350672_3549988944714904232_n.jpg 1350w, https:\/\/www.gunsnovel.com\/wp-content\/uploads\/2026\/02\/598918897_10238241238350672_3549988944714904232_n-225x300.jpg 225w, https:\/\/www.gunsnovel.com\/wp-content\/uploads\/2026\/02\/598918897_10238241238350672_3549988944714904232_n-768x1024.jpg 768w, https:\/\/www.gunsnovel.com\/wp-content\/uploads\/2026\/02\/598918897_10238241238350672_3549988944714904232_n-1152x1536.jpg 1152w, https:\/\/www.gunsnovel.com\/wp-content\/uploads\/2026\/02\/598918897_10238241238350672_3549988944714904232_n-9x12.jpg 9w\" sizes=\"auto, (max-width: 1024px) 100vw, 1024px\" \/><\/figure>\n<\/div>\n\n\n\n<div class=\"wp-block-column is-vertically-aligned-stretch is-layout-flow wp-block-column-is-layout-flow\">\n<div class=\"wp-block-group alignwide is-style-ext-preset--group--natural-1--item-card-1--align-start has-tertiary-background-color has-background is-nowrap is-layout-flex wp-container-core-group-is-layout-bcde1d39 wp-block-group-is-layout-flex is-style-ext-preset--group--natural-1--item-card-1--align-start--3\" style=\"min-height:100%;padding-top:0;padding-right:0;padding-bottom:0;padding-left:0\">\n<div class=\"wp-block-group alignwide has-global-padding is-layout-constrained wp-container-core-group-is-layout-71f8e6ab wp-block-group-is-layout-constrained\" style=\"padding-top:var(--wp--preset--spacing--50);padding-right:var(--wp--preset--spacing--50);padding-bottom:var(--wp--preset--spacing--50);padding-left:var(--wp--preset--spacing--50)\">\n<div class=\"wp-block-group has-global-padding is-layout-constrained wp-container-core-group-is-layout-812d5580 wp-block-group-is-layout-constrained\" style=\"padding-top:0;padding-right:0;padding-bottom:0;padding-left:0\">\n<p style=\"font-size:clamp(14px, 0.875rem + ((1vw - 3.2px) * 0.417), 18px);\" class=\"translation-block\">Contact us directly with any questions about the <em>Guns<\/em> universe. You\u2019ll find our official contact information here.<\/p>\n\n\n\n<div class=\"wp-block-columns is-not-stacked-on-mobile is-layout-flex wp-container-core-columns-is-layout-6db7e666 wp-block-columns-is-layout-flex\">\n<div class=\"wp-block-column is-layout-flow wp-block-column-is-layout-flow\" style=\"padding-top:2px;flex-basis:24px\">\n<figure class=\"wp-block-image size-large wp-duotone-primary-and-tertiary\"><img loading=\"lazy\" decoding=\"async\" width=\"1024\" height=\"1024\" src=\"https:\/\/www.gunsnovel.com\/wp-content\/uploads\/2025\/12\/2025-12-27-00-24-14-40dc052a-6fbc-4559-a65e-e92b635846bf-1.jpg\" alt=\"\" class=\"wp-image-289\" srcset=\"https:\/\/www.gunsnovel.com\/wp-content\/uploads\/2025\/12\/2025-12-27-00-24-14-40dc052a-6fbc-4559-a65e-e92b635846bf-1.jpg 1024w, https:\/\/www.gunsnovel.com\/wp-content\/uploads\/2025\/12\/2025-12-27-00-24-14-40dc052a-6fbc-4559-a65e-e92b635846bf-1-300x300.jpg 300w, https:\/\/www.gunsnovel.com\/wp-content\/uploads\/2025\/12\/2025-12-27-00-24-14-40dc052a-6fbc-4559-a65e-e92b635846bf-1-150x150.jpg 150w, https:\/\/www.gunsnovel.com\/wp-content\/uploads\/2025\/12\/2025-12-27-00-24-14-40dc052a-6fbc-4559-a65e-e92b635846bf-1-768x768.jpg 768w\" sizes=\"auto, (max-width: 1024px) 100vw, 1024px\" \/><\/figure>\n<\/div>\n\n\n\n<div class=\"wp-block-column is-layout-flow wp-container-core-column-is-layout-8a368f38 wp-block-column-is-layout-flow\">\n<p class=\"has-medium-font-size\" style=\"margin-top:0;margin-bottom:0;font-style:normal;font-weight:500\">Instagram: Guns_Intencion<\/p>\n<\/div>\n<\/div>\n\n\n\n<div class=\"wp-block-columns are-vertically-aligned-center is-not-stacked-on-mobile is-layout-flex wp-container-core-columns-is-layout-6db7e666 wp-block-columns-is-layout-flex\">\n<div class=\"wp-block-column is-vertically-aligned-center is-layout-flow wp-block-column-is-layout-flow\" style=\"flex-basis:24px\">\n<figure class=\"wp-block-image size-large wp-duotone-primary-foreground\"><img decoding=\"async\" src=\"data:image\/svg+xml;base64,PHN2ZyB4bWxucz0iaHR0cDovL3d3dy53My5vcmcvMjAwMC9zdmciIHdpZHRoPSIyNCIgaGVpZ2h0PSIyNCIgZmlsbD0iIzAwMDAwMCIgdmlld0JveD0iMCAwIDI1NiAyNTYiPjxwYXRoIGQ9Ik0yMjQsNDhIMzJhOCw4LDAsMCwwLTgsOFYxOTJhMTYsMTYsMCwwLDAsMTYsMTZIMjE2YTE2LDE2LDAsMCwwLDE2LTE2VjU2QTgsOCwwLDAsMCwyMjQsNDhaTTIwMy40Myw2NCwxMjgsMTMzLjE1LDUyLjU3LDY0Wk0yMTYsMTkySDQwVjc0LjE5bDgyLjU5LDc1LjcxYTgsOCwwLDAsMCwxMC44MiwwTDIxNiw3NC4xOVYxOTJaIj48L3BhdGg+PC9zdmc+\" alt=\"\"\/><\/figure>\n<\/div>\n\n\n\n<div class=\"wp-block-column is-vertically-aligned-center is-layout-flow wp-container-core-column-is-layout-8a368f38 wp-block-column-is-layout-flow\">\n<p class=\"has-medium-font-size\" style=\"font-style:normal;font-weight:500\">FparedesUSA@gmail.com<\/p>\n<\/div>\n<\/div>\n<\/div>\n\n\n\n<div class=\"wp-block-columns is-layout-flex wp-container-core-columns-is-layout-28f84493 wp-block-columns-is-layout-flex\">\n<div class=\"wp-block-column is-layout-flow wp-block-column-is-layout-flow\">\n<figure class=\"wp-block-embed is-type-rich is-provider-amazon wp-block-embed-amazon\"><div class=\"wp-block-embed__wrapper\">\n<iframe loading=\"lazy\" title=\"https:\/\/www.gunsnovel.com\/wp-content\/uploads\/2026\/02\/1-1.jpg\" type=\"text\/html\" width=\"500\" height=\"550\" frameborder=\"0\" allowfullscreen style=\"max-width:100%\" src=\"https:\/\/read.amazon.com\/kp\/card?preview=inline&#038;linkCode=kpd&#038;ref_=k4w_oembed_9mscy42RYshwGG&#038;asin=B0G4XCDYXW&#038;tag=kpembed-20\"><\/iframe>\n<\/div><\/figure>\n<\/div>\n<\/div>\n<\/div>\n<\/div>\n<\/div>\n<\/div>\n<\/div>","protected":false},"excerpt":{"rendered":"<p>Con\u00e9ctate con nosotros directamente para consultas sobre Guns; aqu\u00ed encontrar\u00e1s nuestros datos de contacto oficiales para comunicarte f\u00e1cilmente. Instagram: Guns_Intencion FparedesUSA@gmail.com<\/p>","protected":false},"author":1,"featured_media":0,"parent":0,"menu_order":0,"comment_status":"closed","ping_status":"closed","template":"page-with-title","meta":{"footnotes":""},"class_list":["post-14","page","type-page","status-publish","hentry"],"aioseo_notices":[],"_links":{"self":[{"href":"https:\/\/www.gunsnovel.com\/en\/wp-json\/wp\/v2\/pages\/14","targetHints":{"allow":["GET"]}}],"collection":[{"href":"https:\/\/www.gunsnovel.com\/en\/wp-json\/wp\/v2\/pages"}],"about":[{"href":"https:\/\/www.gunsnovel.com\/en\/wp-json\/wp\/v2\/types\/page"}],"author":[{"embeddable":true,"href":"https:\/\/www.gunsnovel.com\/en\/wp-json\/wp\/v2\/users\/1"}],"replies":[{"embeddable":true,"href":"https:\/\/www.gunsnovel.com\/en\/wp-json\/wp\/v2\/comments?post=14"}],"version-history":[{"count":4,"href":"https:\/\/www.gunsnovel.com\/en\/wp-json\/wp\/v2\/pages\/14\/revisions"}],"predecessor-version":[{"id":304,"href":"https:\/\/www.gunsnovel.com\/en\/wp-json\/wp\/v2\/pages\/14\/revisions\/304"}],"wp:attachment":[{"href":"https:\/\/www.gunsnovel.com\/en\/wp-json\/wp\/v2\/media?parent=14"}],"curies":[{"name":"wp","href":"https:\/\/api.w.org\/{rel}","templated":true}]}}